{"id":3914,"date":"2024-12-04T07:59:18","date_gmt":"2024-12-04T06:59:18","guid":{"rendered":"http:\/\/utg.at.astronomix.koerbler.com\/imprint\/"},"modified":"2025-08-04T16:31:31","modified_gmt":"2025-08-04T14:31:31","slug":"imprint","status":"publish","type":"page","link":"https:\/\/www.utg.at\/en\/imprint\/","title":{"rendered":"Legal Notice"},"content":{"rendered":"\t\t<div data-elementor-type=\"wp-page\" data-elementor-id=\"3914\" class=\"elementor elementor-3914 elementor-2647\" data-elementor-post-type=\"page\">\n\t\t\t\t<div class=\"elementor-element elementor-element-0cc6c6e e-flex e-con-boxed e-con e-parent\" data-id=\"0cc6c6e\" data-element_type=\"container\" data-e-type=\"container\" data-settings=\"{&quot;background_background&quot;:&quot;classic&quot;}\">\n\t\t\t\t\t<div class=\"e-con-inner\">\n\t\t<div class=\"elementor-element elementor-element-e4bf793 e-con-full e-flex e-con e-child\" data-id=\"e4bf793\" data-element_type=\"container\" data-e-type=\"container\">\n\t\t\t\t<div class=\"elementor-element elementor-element-84ece2d elementor-widget elementor-widget-heading\" data-id=\"84ece2d\" data-element_type=\"widget\" data-e-type=\"widget\" data-widget_type=\"heading.default\">\n\t\t\t\t<div class=\"elementor-widget-container\">\n\t\t\t\t\t<h1 class=\"elementor-heading-title elementor-size-default\">Legal Notice<\/h1>\t\t\t\t<\/div>\n\t\t\t\t<\/div>\n\t\t\t\t<\/div>\n\t\t<div class=\"elementor-element elementor-element-94d601e e-con-full e-flex e-con e-child\" data-id=\"94d601e\" data-element_type=\"container\" data-e-type=\"container\">\n\t\t\t\t<div class=\"elementor-element elementor-element-02daea2 elementor-widget-divider--view-line elementor-widget elementor-widget-divider\" data-id=\"02daea2\" data-element_type=\"widget\" data-e-type=\"widget\" data-widget_type=\"divider.default\">\n\t\t\t\t<div class=\"elementor-widget-container\">\n\t\t\t\t\t\t\t<div class=\"elementor-divider\">\n\t\t\t<span class=\"elementor-divider-separator\">\n\t\t\t\t\t\t<\/span>\n\t\t<\/div>\n\t\t\t\t\t\t<\/div>\n\t\t\t\t<\/div>\n\t\t\t\t<div class=\"elementor-element elementor-element-8276a42 elementor-widget elementor-widget-text-editor\" data-id=\"8276a42\" data-element_type=\"widget\" data-e-type=\"widget\" data-widget_type=\"text-editor.default\">\n\t\t\t\t<div class=\"elementor-widget-container\">\n\t\t\t\t\t\t\t\t\t<p>On this page you will find all legal information in accordance with the legal requirements. If you have any questions or concerns, please do not hesitate to contact us. <\/p>\t\t\t\t\t\t\t\t<\/div>\n\t\t\t\t<\/div>\n\t\t\t\t<\/div>\n\t\t\t\t\t<\/div>\n\t\t\t\t<\/div>\n\t\t<div class=\"elementor-element elementor-element-a7a965a e-flex e-con-boxed e-con e-parent\" data-id=\"a7a965a\" data-element_type=\"container\" data-e-type=\"container\" data-settings=\"{&quot;background_background&quot;:&quot;gradient&quot;}\">\n\t\t\t\t\t<div class=\"e-con-inner\">\n\t\t<div class=\"elementor-element elementor-element-fe6f3b0 e-con-full e-flex e-con e-child\" data-id=\"fe6f3b0\" data-element_type=\"container\" data-e-type=\"container\">\n\t\t<div class=\"elementor-element elementor-element-4122143 e-con-full e-flex e-con e-child\" data-id=\"4122143\" data-element_type=\"container\" data-e-type=\"container\">\n\t\t<div class=\"elementor-element elementor-element-71c39d9 e-con-full e-flex e-con e-child\" data-id=\"71c39d9\" data-element_type=\"container\" data-e-type=\"container\">\n\t\t\t\t<div class=\"elementor-element elementor-element-b99f57c elementor-widget elementor-widget-heading\" data-id=\"b99f57c\" data-element_type=\"widget\" data-e-type=\"widget\" data-widget_type=\"heading.default\">\n\t\t\t\t<div class=\"elementor-widget-container\">\n\t\t\t\t\t<h6 class=\"elementor-heading-title elementor-size-default\">MEDIA OWNER<\/h6>\t\t\t\t<\/div>\n\t\t\t\t<\/div>\n\t\t\t\t<div class=\"elementor-element elementor-element-b31fded elementor-widget elementor-widget-heading\" data-id=\"b31fded\" data-element_type=\"widget\" data-e-type=\"widget\" data-widget_type=\"heading.default\">\n\t\t\t\t<div class=\"elementor-widget-container\">\n\t\t\t\t\t<h2 class=\"elementor-heading-title elementor-size-default\">Legal notice &amp; contact information<\/h2>\t\t\t\t<\/div>\n\t\t\t\t<\/div>\n\t\t\t\t<\/div>\n\t\t<div class=\"elementor-element elementor-element-cb4bbfa e-con-full e-flex e-con e-child\" data-id=\"cb4bbfa\" data-element_type=\"container\" data-e-type=\"container\">\n\t\t\t\t<div class=\"elementor-element elementor-element-228ff2b elementor-widget-divider--view-line elementor-widget elementor-widget-divider\" data-id=\"228ff2b\" data-element_type=\"widget\" data-e-type=\"widget\" data-widget_type=\"divider.default\">\n\t\t\t\t<div class=\"elementor-widget-container\">\n\t\t\t\t\t\t\t<div class=\"elementor-divider\">\n\t\t\t<span class=\"elementor-divider-separator\">\n\t\t\t\t\t\t<\/span>\n\t\t<\/div>\n\t\t\t\t\t\t<\/div>\n\t\t\t\t<\/div>\n\t\t\t\t<div class=\"elementor-element elementor-element-d68ca27 elementor-widget elementor-widget-text-editor\" data-id=\"d68ca27\" data-element_type=\"widget\" data-e-type=\"widget\" data-widget_type=\"text-editor.default\">\n\t\t\t\t<div class=\"elementor-widget-container\">\n\t\t\t\t\t\t\t\t\t<p>Media owner<\/p><p><strong>UTG Universaltechnik GmbH<\/strong><br>Thalstrasse 14<br>8051 Graz<br>Austria<br>Tel.: +43 316 682720-0<br>Fax: +43 316 682720-9<br>E-Mail: office@utg.at<\/p><p>Company register number: 48013 h<br>Company register court: Landesgericht f\u00fcr ZRS Graz<\/p><p>Managing Director: Guenter Piwetz<br>UID-No.: ATU28797709<br>UTG is a member of the Austrian Federal Economic Chamber. <\/p><p><strong>Image material:<\/strong><br>UTG, unsplash.com, pexels.com, freepik.com<\/p><p><strong>Web design: <br><\/strong>Company K\u00f6rbler GmbH, UTG<\/p>\t\t\t\t\t\t\t\t<\/div>\n\t\t\t\t<\/div>\n\t\t\t\t<\/div>\n\t\t\t\t<\/div>\n\t\t\t\t<\/div>\n\t\t\t\t\t<\/div>\n\t\t\t\t<\/div>\n\t\t<div class=\"elementor-element elementor-element-5f7792b e-flex e-con-boxed e-con e-parent\" data-id=\"5f7792b\" data-element_type=\"container\" data-e-type=\"container\">\n\t\t\t\t\t<div class=\"e-con-inner\">\n\t\t\t\t<div class=\"elementor-element elementor-element-9a6075f elementor-widget-divider--view-line elementor-widget elementor-widget-divider\" data-id=\"9a6075f\" data-element_type=\"widget\" data-e-type=\"widget\" data-widget_type=\"divider.default\">\n\t\t\t\t<div class=\"elementor-widget-container\">\n\t\t\t\t\t\t\t<div class=\"elementor-divider\">\n\t\t\t<span class=\"elementor-divider-separator\">\n\t\t\t\t\t\t<\/span>\n\t\t<\/div>\n\t\t\t\t\t\t<\/div>\n\t\t\t\t<\/div>\n\t\t\t\t\t<\/div>\n\t\t\t\t<\/div>\n\t\t<div class=\"elementor-element elementor-element-2203095 e-flex e-con-boxed e-con e-parent\" data-id=\"2203095\" data-element_type=\"container\" data-e-type=\"container\" data-settings=\"{&quot;background_background&quot;:&quot;gradient&quot;}\">\n\t\t\t\t\t<div class=\"e-con-inner\">\n\t\t<div class=\"elementor-element elementor-element-cd50eaf e-con-full e-flex e-con e-child\" data-id=\"cd50eaf\" data-element_type=\"container\" data-e-type=\"container\">\n\t\t<div class=\"elementor-element elementor-element-765ce5f e-con-full e-flex e-con e-child\" data-id=\"765ce5f\" data-element_type=\"container\" data-e-type=\"container\">\n\t\t<div class=\"elementor-element elementor-element-2c9805c e-con-full e-flex e-con e-child\" data-id=\"2c9805c\" data-element_type=\"container\" data-e-type=\"container\">\n\t\t\t\t<div class=\"elementor-element elementor-element-b8c28f8 elementor-widget elementor-widget-heading\" data-id=\"b8c28f8\" data-element_type=\"widget\" data-e-type=\"widget\" data-widget_type=\"heading.default\">\n\t\t\t\t<div class=\"elementor-widget-container\">\n\t\t\t\t\t<h6 class=\"elementor-heading-title elementor-size-default\">UTG Universaltechnik GmbH<\/h6>\t\t\t\t<\/div>\n\t\t\t\t<\/div>\n\t\t\t\t<div class=\"elementor-element elementor-element-2d4194e elementor-widget elementor-widget-heading\" data-id=\"2d4194e\" data-element_type=\"widget\" data-e-type=\"widget\" data-widget_type=\"heading.default\">\n\t\t\t\t<div class=\"elementor-widget-container\">\n\t\t\t\t\t<h2 class=\"elementor-heading-title elementor-size-default\">Disclaimer<\/h2>\t\t\t\t<\/div>\n\t\t\t\t<\/div>\n\t\t\t\t<\/div>\n\t\t<div class=\"elementor-element elementor-element-312c0bc e-con-full e-flex e-con e-child\" data-id=\"312c0bc\" data-element_type=\"container\" data-e-type=\"container\">\n\t\t\t\t<div class=\"elementor-element elementor-element-770f7db elementor-widget-divider--view-line elementor-widget elementor-widget-divider\" data-id=\"770f7db\" data-element_type=\"widget\" data-e-type=\"widget\" data-widget_type=\"divider.default\">\n\t\t\t\t<div class=\"elementor-widget-container\">\n\t\t\t\t\t\t\t<div class=\"elementor-divider\">\n\t\t\t<span class=\"elementor-divider-separator\">\n\t\t\t\t\t\t<\/span>\n\t\t<\/div>\n\t\t\t\t\t\t<\/div>\n\t\t\t\t<\/div>\n\t\t\t\t<div class=\"elementor-element elementor-element-628e58e elementor-widget elementor-widget-text-editor\" data-id=\"628e58e\" data-element_type=\"widget\" data-e-type=\"widget\" data-widget_type=\"text-editor.default\">\n\t\t\t\t<div class=\"elementor-widget-container\">\n\t\t\t\t\t\t\t\t\t<p>UTG Universaltechnik GmbH provides no warranty or guarantee that the information provided on this website is up-to-date, correct and complete. UTG Universaltechnik GmbH shall not be liable for any direct, specific or consequential damages or any other damages whatsoever arising from any cause whatsoever in connection with the indirect or direct use of the information provided on this website. <\/p>\t\t\t\t\t\t\t\t<\/div>\n\t\t\t\t<\/div>\n\t\t\t\t<\/div>\n\t\t\t\t<\/div>\n\t\t\t\t<\/div>\n\t\t\t\t\t<\/div>\n\t\t\t\t<\/div>\n\t\t<div class=\"elementor-element elementor-element-80f0307 e-flex e-con-boxed e-con e-parent\" data-id=\"80f0307\" data-element_type=\"container\" data-e-type=\"container\">\n\t\t\t\t\t<div class=\"e-con-inner\">\n\t\t\t\t<div class=\"elementor-element elementor-element-f6cef65 elementor-widget-divider--view-line elementor-widget elementor-widget-divider\" data-id=\"f6cef65\" data-element_type=\"widget\" data-e-type=\"widget\" data-widget_type=\"divider.default\">\n\t\t\t\t<div class=\"elementor-widget-container\">\n\t\t\t\t\t\t\t<div class=\"elementor-divider\">\n\t\t\t<span class=\"elementor-divider-separator\">\n\t\t\t\t\t\t<\/span>\n\t\t<\/div>\n\t\t\t\t\t\t<\/div>\n\t\t\t\t<\/div>\n\t\t\t\t\t<\/div>\n\t\t\t\t<\/div>\n\t\t\t\t<\/div>\n\t\t","protected":false},"excerpt":{"rendered":"<p>Legal Notice On this page you will find all legal information in accordance with the legal requirements. If you have any questions or concerns, please do not hesitate to contact us. MEDIA OWNER Legal notice &amp; contact information Media owner UTG Universaltechnik GmbHThalstrasse 148051 GrazAustriaTel.: +43 316 682720-0Fax: +43 316 682720-9E-Mail: office@utg.at Company register number: [&hellip;]<\/p>\n","protected":false},"author":3,"featured_media":0,"parent":0,"menu_order":0,"comment_status":"closed","ping_status":"closed","template":"","meta":{"_acf_changed":false,"site-sidebar-layout":"no-sidebar","site-content-layout":"page-builder","ast-site-content-layout":"full-width-container","site-content-style":"unboxed","site-sidebar-style":"unboxed","ast-global-header-display":"","ast-banner-title-visibility":"","ast-main-header-display":"","ast-hfb-above-header-display":"","ast-hfb-below-header-display":"","ast-hfb-mobile-header-display":"","site-post-title":"disabled","ast-breadcrumbs-content":"disabled","ast-featured-img":"disabled","footer-sml-layout":"","ast-disable-related-posts":"","theme-transparent-header-meta":"disabled","adv-header-id-meta":"","stick-header-meta":"","header-above-stick-meta":"","header-main-stick-meta":"","header-below-stick-meta":"","astra-migrate-meta-layouts":"default","ast-page-background-enabled":"default","ast-page-background-meta":{"desktop":{"background-color":"","background-image":"","background-repeat":"repeat","background-position":"center center","background-size":"auto","background-attachment":"scroll","background-type":"","background-media":"","overlay-type":"","overlay-color":"","overlay-opacity":"","overlay-gradient":""},"tablet":{"background-color":"","background-image":"","background-repeat":"repeat","background-position":"center center","background-size":"auto","background-attachment":"scroll","background-type":"","background-media":"","overlay-type":"","overlay-color":"","overlay-opacity":"","overlay-gradient":""},"mobile":{"background-color":"","background-image":"","background-repeat":"repeat","background-position":"center center","background-size":"auto","background-attachment":"scroll","background-type":"","background-media":"","overlay-type":"","overlay-color":"","overlay-opacity":"","overlay-gradient":""}},"ast-content-background-meta":{"desktop":{"background-color":"var(--ast-global-color-5)","background-image":"","background-repeat":"repeat","background-position":"center center","background-size":"auto","background-attachment":"scroll","background-type":"","background-media":"","overlay-type":"","overlay-color":"","overlay-opacity":"","overlay-gradient":""},"tablet":{"background-color":"var(--ast-global-color-5)","background-image":"","background-repeat":"repeat","background-position":"center center","background-size":"auto","background-attachment":"scroll","background-type":"","background-media":"","overlay-type":"","overlay-color":"","overlay-opacity":"","overlay-gradient":""},"mobile":{"background-color":"var(--ast-global-color-5)","background-image":"","background-repeat":"repeat","background-position":"center center","background-size":"auto","background-attachment":"scroll","background-type":"","background-media":"","overlay-type":"","overlay-color":"","overlay-opacity":"","overlay-gradient":""}},"footnotes":""},"class_list":["post-3914","page","type-page","status-publish","hentry"],"acf":[],"yoast_head":"<!-- This site is optimized with the Yoast SEO Premium plugin v26.9 (Yoast SEO v26.9) - https:\/\/yoast.com\/product\/yoast-seo-premium-wordpress\/ -->\n<title>UTG - Legal notice and legal information<\/title>\n<meta name=\"description\" content=\"Legal notice of UTG Universaltechnik GmbH - all legal information at a glance.\" \/>\n<meta name=\"robots\" content=\"index, follow, max-snippet:-1, max-image-preview:large, max-video-preview:-1\" \/>\n<link rel=\"canonical\" href=\"https:\/\/www.utg.at\/en\/imprint\/\" \/>\n<meta property=\"og:locale\" content=\"en_US\" \/>\n<meta property=\"og:type\" content=\"article\" \/>\n<meta property=\"og:title\" content=\"Legal Notice\" \/>\n<meta property=\"og:description\" content=\"Legal notice of UTG Universaltechnik GmbH - all legal information at a glance.\" \/>\n<meta property=\"og:url\" content=\"https:\/\/www.utg.at\/en\/imprint\/\" \/>\n<meta property=\"og:site_name\" content=\"UTG Universaltechnik GmbH\" \/>\n<meta property=\"article:modified_time\" content=\"2025-08-04T14:31:31+00:00\" \/>\n<meta property=\"og:image\" content=\"https:\/\/www.utg.at\/wp-content\/uploads\/2025\/04\/3379-RPP4-Isolierung-Pult-20091001-SA.jpg\" \/>\n\t<meta property=\"og:image:width\" content=\"450\" \/>\n\t<meta property=\"og:image:height\" content=\"300\" \/>\n\t<meta property=\"og:image:type\" content=\"image\/jpeg\" \/>\n<meta name=\"twitter:card\" content=\"summary_large_image\" \/>\n<meta name=\"twitter:label1\" content=\"Est. reading time\" \/>\n\t<meta name=\"twitter:data1\" content=\"1 minute\" \/>\n<script type=\"application\/ld+json\" class=\"yoast-schema-graph\">{\"@context\":\"https:\/\/schema.org\",\"@graph\":[{\"@type\":\"WebPage\",\"@id\":\"https:\/\/www.utg.at\/en\/imprint\/\",\"url\":\"https:\/\/www.utg.at\/en\/imprint\/\",\"name\":\"UTG - Legal notice and legal information\",\"isPartOf\":{\"@id\":\"https:\/\/www.utg.at\/en\/#website\"},\"datePublished\":\"2024-12-04T06:59:18+00:00\",\"dateModified\":\"2025-08-04T14:31:31+00:00\",\"description\":\"Legal notice of UTG Universaltechnik GmbH - all legal information at a glance.\",\"breadcrumb\":{\"@id\":\"https:\/\/www.utg.at\/en\/imprint\/#breadcrumb\"},\"inLanguage\":\"en-US\",\"potentialAction\":[{\"@type\":\"ReadAction\",\"target\":[\"https:\/\/www.utg.at\/en\/imprint\/\"]}]},{\"@type\":\"BreadcrumbList\",\"@id\":\"https:\/\/www.utg.at\/en\/imprint\/#breadcrumb\",\"itemListElement\":[{\"@type\":\"ListItem\",\"position\":1,\"name\":\"Startseite\",\"item\":\"https:\/\/www.utg.at\/en\/\"},{\"@type\":\"ListItem\",\"position\":2,\"name\":\"Legal notice\"}]},{\"@type\":\"WebSite\",\"@id\":\"https:\/\/www.utg.at\/en\/#website\",\"url\":\"https:\/\/www.utg.at\/en\/\",\"name\":\"UTG Universaltechnik GmbH\",\"description\":\"UTG Universaltechnik GmbH\",\"publisher\":{\"@id\":\"https:\/\/www.utg.at\/en\/#organization\"},\"potentialAction\":[{\"@type\":\"SearchAction\",\"target\":{\"@type\":\"EntryPoint\",\"urlTemplate\":\"https:\/\/www.utg.at\/en\/?s={search_term_string}\"},\"query-input\":{\"@type\":\"PropertyValueSpecification\",\"valueRequired\":true,\"valueName\":\"search_term_string\"}}],\"inLanguage\":\"en-US\"},{\"@type\":[\"Organization\",\"Place\"],\"@id\":\"https:\/\/www.utg.at\/en\/#organization\",\"name\":\"UTG Universaltechnik GmbH\",\"url\":\"https:\/\/www.utg.at\/en\/\",\"logo\":{\"@id\":\"https:\/\/www.utg.at\/en\/imprint\/#local-main-organization-logo\"},\"image\":{\"@id\":\"https:\/\/www.utg.at\/en\/imprint\/#local-main-organization-logo\"},\"description\":\"UTG Universaltechnik GmbH ist ihr verl\u00e4sslicher Partner f\u00fcr Planung und Projektdurchf\u00fchrung im industriellen Anlagen. und Maschinenbau\",\"legalName\":\"UTG Universaltechnik GmbH\",\"foundingDate\":\"1989-01-03\",\"telephone\":[],\"openingHoursSpecification\":[{\"@type\":\"OpeningHoursSpecification\",\"dayOfWeek\":[\"Monday\",\"Tuesday\",\"Wednesday\",\"Thursday\",\"Friday\",\"Saturday\",\"Sunday\"],\"opens\":\"09:00\",\"closes\":\"17:00\"}]},{\"@type\":\"ImageObject\",\"inLanguage\":\"en-US\",\"@id\":\"https:\/\/www.utg.at\/en\/imprint\/#local-main-organization-logo\",\"url\":\"https:\/\/www.utg.at\/wp-content\/uploads\/2025\/04\/UTG_Logo.png\",\"contentUrl\":\"https:\/\/www.utg.at\/wp-content\/uploads\/2025\/04\/UTG_Logo.png\",\"width\":2438,\"height\":624,\"caption\":\"UTG Universaltechnik GmbH\"}]}<\/script>\n<!-- \/ Yoast SEO Premium plugin. -->","yoast_head_json":{"title":"UTG - Legal notice and legal information","description":"Legal notice of UTG Universaltechnik GmbH - all legal information at a glance.","robots":{"index":"index","follow":"follow","max-snippet":"max-snippet:-1","max-image-preview":"max-image-preview:large","max-video-preview":"max-video-preview:-1"},"canonical":"https:\/\/www.utg.at\/en\/imprint\/","og_locale":"en_US","og_type":"article","og_title":"Legal Notice","og_description":"Legal notice of UTG Universaltechnik GmbH - all legal information at a glance.","og_url":"https:\/\/www.utg.at\/en\/imprint\/","og_site_name":"UTG Universaltechnik GmbH","article_modified_time":"2025-08-04T14:31:31+00:00","og_image":[{"width":450,"height":300,"url":"https:\/\/www.utg.at\/wp-content\/uploads\/2025\/04\/3379-RPP4-Isolierung-Pult-20091001-SA.jpg","type":"image\/jpeg"}],"twitter_card":"summary_large_image","twitter_misc":{"Est. reading time":"1 minute"},"schema":{"@context":"https:\/\/schema.org","@graph":[{"@type":"WebPage","@id":"https:\/\/www.utg.at\/en\/imprint\/","url":"https:\/\/www.utg.at\/en\/imprint\/","name":"UTG - Legal notice and legal information","isPartOf":{"@id":"https:\/\/www.utg.at\/en\/#website"},"datePublished":"2024-12-04T06:59:18+00:00","dateModified":"2025-08-04T14:31:31+00:00","description":"Legal notice of UTG Universaltechnik GmbH - all legal information at a glance.","breadcrumb":{"@id":"https:\/\/www.utg.at\/en\/imprint\/#breadcrumb"},"inLanguage":"en-US","potentialAction":[{"@type":"ReadAction","target":["https:\/\/www.utg.at\/en\/imprint\/"]}]},{"@type":"BreadcrumbList","@id":"https:\/\/www.utg.at\/en\/imprint\/#breadcrumb","itemListElement":[{"@type":"ListItem","position":1,"name":"Startseite","item":"https:\/\/www.utg.at\/en\/"},{"@type":"ListItem","position":2,"name":"Legal notice"}]},{"@type":"WebSite","@id":"https:\/\/www.utg.at\/en\/#website","url":"https:\/\/www.utg.at\/en\/","name":"UTG Universaltechnik GmbH","description":"UTG Universaltechnik GmbH","publisher":{"@id":"https:\/\/www.utg.at\/en\/#organization"},"potentialAction":[{"@type":"SearchAction","target":{"@type":"EntryPoint","urlTemplate":"https:\/\/www.utg.at\/en\/?s={search_term_string}"},"query-input":{"@type":"PropertyValueSpecification","valueRequired":true,"valueName":"search_term_string"}}],"inLanguage":"en-US"},{"@type":["Organization","Place"],"@id":"https:\/\/www.utg.at\/en\/#organization","name":"UTG Universaltechnik GmbH","url":"https:\/\/www.utg.at\/en\/","logo":{"@id":"https:\/\/www.utg.at\/en\/imprint\/#local-main-organization-logo"},"image":{"@id":"https:\/\/www.utg.at\/en\/imprint\/#local-main-organization-logo"},"description":"UTG Universaltechnik GmbH ist ihr verl\u00e4sslicher Partner f\u00fcr Planung und Projektdurchf\u00fchrung im industriellen Anlagen. und Maschinenbau","legalName":"UTG Universaltechnik GmbH","foundingDate":"1989-01-03","telephone":[],"openingHoursSpecification":[{"@type":"OpeningHoursSpecification","dayOfWeek":["Monday","Tuesday","Wednesday","Thursday","Friday","Saturday","Sunday"],"opens":"09:00","closes":"17:00"}]},{"@type":"ImageObject","inLanguage":"en-US","@id":"https:\/\/www.utg.at\/en\/imprint\/#local-main-organization-logo","url":"https:\/\/www.utg.at\/wp-content\/uploads\/2025\/04\/UTG_Logo.png","contentUrl":"https:\/\/www.utg.at\/wp-content\/uploads\/2025\/04\/UTG_Logo.png","width":2438,"height":624,"caption":"UTG Universaltechnik GmbH"}]}},"_links":{"self":[{"href":"https:\/\/www.utg.at\/en\/wp-json\/wp\/v2\/pages\/3914","targetHints":{"allow":["GET"]}}],"collection":[{"href":"https:\/\/www.utg.at\/en\/wp-json\/wp\/v2\/pages"}],"about":[{"href":"https:\/\/www.utg.at\/en\/wp-json\/wp\/v2\/types\/page"}],"author":[{"embeddable":true,"href":"https:\/\/www.utg.at\/en\/wp-json\/wp\/v2\/users\/3"}],"replies":[{"embeddable":true,"href":"https:\/\/www.utg.at\/en\/wp-json\/wp\/v2\/comments?post=3914"}],"version-history":[{"count":4,"href":"https:\/\/www.utg.at\/en\/wp-json\/wp\/v2\/pages\/3914\/revisions"}],"predecessor-version":[{"id":7435,"href":"https:\/\/www.utg.at\/en\/wp-json\/wp\/v2\/pages\/3914\/revisions\/7435"}],"wp:attachment":[{"href":"https:\/\/www.utg.at\/en\/wp-json\/wp\/v2\/media?parent=3914"}],"curies":[{"name":"wp","href":"https:\/\/api.w.org\/{rel}","templated":true}]}}